{"id":17646,"date":"2025-05-20T16:57:14","date_gmt":"2025-05-20T14:57:14","guid":{"rendered":"https:\/\/somexing.com\/press-releases\/"},"modified":"2026-02-03T11:41:39","modified_gmt":"2026-02-03T10:41:39","slug":"presse","status":"publish","type":"page","link":"https:\/\/somexing.com\/fr\/presse\/","title":{"rendered":"Communiqu\u00e9s de presse"},"content":{"rendered":"\t\t<div data-elementor-type=\"wp-page\" data-elementor-id=\"17646\" class=\"elementor elementor-17646 elementor-9843\" data-elementor-post-type=\"page\">\n\t\t\t\t<div class=\"elementor-element elementor-element-8536c3f e-flex e-con-boxed e-con e-parent\" data-id=\"8536c3f\" data-element_type=\"container\" data-e-type=\"container\">\n\t\t\t\t\t<div class=\"e-con-inner\">\n\t\t\t\t<div class=\"elementor-element elementor-element-07c6b28 elementor-widget elementor-widget-heading\" data-id=\"07c6b28\" data-element_type=\"widget\" data-e-type=\"widget\" data-widget_type=\"heading.default\">\n\t\t\t\t\t<h1 class=\"elementor-heading-title elementor-size-default\">Communiqu\u00e9s de presse<\/h1>\t\t\t\t<\/div>\n\t\t\t\t<div class=\"elementor-element elementor-element-41a06f4 elementor-widget-divider--view-line elementor-widget elementor-widget-divider\" data-id=\"41a06f4\" data-element_type=\"widget\" data-e-type=\"widget\" data-widget_type=\"divider.default\">\n\t\t\t\t\t\t\t<div class=\"elementor-divider\">\n\t\t\t<span class=\"elementor-divider-separator\">\n\t\t\t\t\t\t<\/span>\n\t\t<\/div>\n\t\t\t\t\t\t<\/div>\n\t\t\t\t<div class=\"elementor-element elementor-element-aceb96a elementor-widget elementor-widget-text-editor\" data-id=\"aceb96a\" data-element_type=\"widget\" data-e-type=\"widget\" data-widget_type=\"text-editor.default\">\n\t\t\t\t\t\t\t\t\t<p>Somexing partage r\u00e9guli\u00e8rement des actualit\u00e9s, annonces et communiqu\u00e9s autour de ses collaborations artistiques, partenariats de marque et initiatives cr\u00e9atives. D\u00e9couvrez les coulisses de nos projets les plus embl\u00e9matiques et la mani\u00e8re dont nous donnons vie \u00e0 la culture, au savoir-faire et au storytelling \u00e0 travers l\u2019art. <\/p>\n\t\t\t\t\t\t\t\t<\/div>\n\t\t\t\t\t<\/div>\n\t\t\t\t<\/div>\n\t\t<div class=\"elementor-element elementor-element-36e9374 e-flex e-con-boxed e-con e-parent\" data-id=\"36e9374\" data-element_type=\"container\" data-e-type=\"container\">\n\t\t\t\t\t<div class=\"e-con-inner\">\n\t\t\t\t<div class=\"elementor-element elementor-element-a73f64d elementor-widget elementor-widget-text-editor\" data-id=\"a73f64d\" data-element_type=\"widget\" data-e-type=\"widget\" data-widget_type=\"text-editor.default\">\n\t\t\t\t\t\t\t\t\t<ul class=\"pressRelease\"><li><div class=\"dwnPR\"><a href=https:\/\/somexing.com\/wp-content\/uploads\/2025\/11\/CP_VOYAGE-DE-LA-ROSE.pdf title=\"Download the press release\" target=\"_blank\">&#8220;Voyage of the Rose&#8221; &#8211; Exposition Lanco\u0302me<\/a><\/div><div class=\"prjLink\"><a href=https:\/\/somexing.com\/fr\/realisations\/exposition-lancome-the-absolue-rose\/ title=\"Voir le projet: Exposition de la marque Lanc\u00f4me avec des artistes internationaux\" target=\"_blank\">\n\t\t\t\t\t\t\t\t\t\t\t<span class=\"hideOnMobile prjLinkSpan\">Voir le projet<\/span> <img decoding=\"async\" src=\"https:\/\/somexing.com\/wp-content\/themes\/somexing\/icon\/iconEye.png\" alt=\"\" class=\"icon\" \/>\n\t\t\t\t\t\t\t\t\t\t<\/a><\/div><\/li><li><div class=\"dwnPR\"><a href=https:\/\/somexing.com\/wp-content\/uploads\/2026\/01\/Communique-de-presse-Hennessy-x-Trajan-Jia-1.pdf title=\"Download the press release\" target=\"_blank\">Hennessy X Trajan Jia<\/a><\/div><div class=\"prjLink\"><a href=https:\/\/somexing.com\/fr\/realisations\/hennessy-x-trajan-jia\/ title=\"Voir le projet: Collaboration artistique Hennessy x Trajan Jia\" target=\"_blank\">\n\t\t\t\t\t\t\t\t\t\t\t<span class=\"hideOnMobile prjLinkSpan\">Voir le projet<\/span> <img decoding=\"async\" src=\"https:\/\/somexing.com\/wp-content\/themes\/somexing\/icon\/iconEye.png\" alt=\"\" class=\"icon\" \/>\n\t\t\t\t\t\t\t\t\t\t<\/a><\/div><\/li><li><div class=\"dwnPR\"><a href=https:\/\/somexing.com\/wp-content\/uploads\/2025\/05\/CP-SOMEXING-Exposition_Lancome_Perpetual_Beyond_Time-FR.pdf title=\"Download the press release\" target=\"_blank\">Exposition Lanc\u00f4me \u00ab The Art of Absolue \u00bb<\/a><\/div><div class=\"prjLink\"><a href=https:\/\/somexing.com\/fr\/realisations\/exposition-lancome-the-art-of-absolue\/ title=\"Voir le projet: Exposition Lanc\u00f4me avec 10 artistes de renomm\u00e9e internationale\" target=\"_blank\">\n\t\t\t\t\t\t\t\t\t\t\t<span class=\"hideOnMobile prjLinkSpan\">Voir le projet<\/span> <img decoding=\"async\" src=\"https:\/\/somexing.com\/wp-content\/themes\/somexing\/icon\/iconEye.png\" alt=\"\" class=\"icon\" \/>\n\t\t\t\t\t\t\t\t\t\t<\/a><\/div><\/li><li><div class=\"dwnPR\"><a href=https:\/\/somexing.com\/wp-content\/uploads\/2025\/05\/CP-SOMEXING-Lancome_-X_HUDA_AL_NUAIMI-FR.pdf title=\"Download the press release\" target=\"_blank\">Lanc\u00f4me X Huda Al Nuaimi<\/a><\/div><div class=\"prjLink\"><a href=https:\/\/somexing.com\/fr\/realisations\/lancome-x-huda-al-nuaimi\/ title=\"Voir le projet: Collaboration artistique Lanc\u00f4me \u00d7 Huda Al Nuaimi\" target=\"_blank\">\n\t\t\t\t\t\t\t\t\t\t\t<span class=\"hideOnMobile prjLinkSpan\">Voir le projet<\/span> <img decoding=\"async\" src=\"https:\/\/somexing.com\/wp-content\/themes\/somexing\/icon\/iconEye.png\" alt=\"\" class=\"icon\" \/>\n\t\t\t\t\t\t\t\t\t\t<\/a><\/div><\/li><li><div class=\"dwnPR\"><a href=https:\/\/somexing.com\/wp-content\/uploads\/2025\/05\/CP-SOMEXING-Maison_Margiela_X_DUODUO_HUANG-FR.pdf title=\"Download the press release\" target=\"_blank\">Maison Margiela X Duoduo Huang<\/a><\/div><div class=\"prjLink\"><a href=https:\/\/somexing.com\/fr\/realisations\/maison-margiela-x-duoduo-huang\/ title=\"Voir le projet: Collaboration artistique Maison Margiela \u00d7 Duoduo Huang\" target=\"_blank\">\n\t\t\t\t\t\t\t\t\t\t\t<span class=\"hideOnMobile prjLinkSpan\">Voir le projet<\/span> <img decoding=\"async\" src=\"https:\/\/somexing.com\/wp-content\/themes\/somexing\/icon\/iconEye.png\" alt=\"\" class=\"icon\" \/>\n\t\t\t\t\t\t\t\t\t\t<\/a><\/div><\/li><li><div class=\"dwnPR\"><a href=https:\/\/somexing.com\/wp-content\/uploads\/2025\/05\/PR-SOMEXING-Carlsberg_X_Ofen_Hu-EN.pdf title=\"Download the press release\" target=\"_blank\">Carlsberg x Ofen Hu<\/a><\/div><div class=\"prjLink\"><a href=https:\/\/somexing.com\/fr\/realisations\/carlsberg-x-ofen-hu\/ title=\"Voir le projet: Collaboration artistique Carlsberg \u00d7 Ofen Hu\" target=\"_blank\">\n\t\t\t\t\t\t\t\t\t\t\t<span class=\"hideOnMobile prjLinkSpan\">Voir le projet<\/span> <img decoding=\"async\" src=\"https:\/\/somexing.com\/wp-content\/themes\/somexing\/icon\/iconEye.png\" alt=\"\" class=\"icon\" \/>\n\t\t\t\t\t\t\t\t\t\t<\/a><\/div><\/li><li><div class=\"dwnPR\"><a href=https:\/\/somexing.com\/wp-content\/uploads\/2025\/05\/CP-SOMEXING-1664_BLANC_X_Jean-Charles_de_Castelbajac-FR.pdf title=\"Download the press release\" target=\"_blank\">1664 Blanc X Jean-Charles de Castelbajac<\/a><\/div><div class=\"prjLink\"><a href=https:\/\/somexing.com\/fr\/realisations\/1664-blanc-x-jean-charles-de-castelbajac\/ title=\"Voir le projet: 1664 Blanc \u00d7 Jean-Charles de Castelbajac Collab\" target=\"_blank\">\n\t\t\t\t\t\t\t\t\t\t\t<span class=\"hideOnMobile prjLinkSpan\">Voir le projet<\/span> <img decoding=\"async\" src=\"https:\/\/somexing.com\/wp-content\/themes\/somexing\/icon\/iconEye.png\" alt=\"\" class=\"icon\" \/>\n\t\t\t\t\t\t\t\t\t\t<\/a><\/div><\/li><li><div class=\"dwnPR\"><a href=https:\/\/somexing.com\/wp-content\/uploads\/2025\/05\/PR-SOMEXING-1664_Blanc_Vietnam_X_Dimitri_Rybaltchenko-EN-1.pdf title=\"Download the press release\" target=\"_blank\">1664 Blanc Vietnam X Dimitri Rybaltchenko<\/a><\/div><div class=\"prjLink\"><a href=https:\/\/somexing.com\/fr\/realisations\/1664-blanc-x-dimitri-rybaltchenko\/ title=\"Voir le projet: Collaboration artistique 1664 Blanc \u00d7 Dimitri Rybaltchenko\" target=\"_blank\">\n\t\t\t\t\t\t\t\t\t\t\t<span class=\"hideOnMobile prjLinkSpan\">Voir le projet<\/span> <img decoding=\"async\" src=\"https:\/\/somexing.com\/wp-content\/themes\/somexing\/icon\/iconEye.png\" alt=\"\" class=\"icon\" \/>\n\t\t\t\t\t\t\t\t\t\t<\/a><\/div><\/li><li><div class=\"dwnPR\"><a href=https:\/\/somexing.com\/wp-content\/uploads\/2025\/05\/CP-SOMEXING-Maison_Margiela_X_Birdhead-FR.pdf title=\"Download the press release\" target=\"_blank\">Maison Margiela X Birdhead<\/a><\/div><div class=\"prjLink\"><a href=https:\/\/somexing.com\/fr\/realisations\/maison-margiela-x-birdhead\/ title=\"Voir le projet: Collaboration artistique Maison Margiela \u00d7 Birdhead\" target=\"_blank\">\n\t\t\t\t\t\t\t\t\t\t\t<span class=\"hideOnMobile prjLinkSpan\">Voir le projet<\/span> <img decoding=\"async\" src=\"https:\/\/somexing.com\/wp-content\/themes\/somexing\/icon\/iconEye.png\" alt=\"\" class=\"icon\" \/>\n\t\t\t\t\t\t\t\t\t\t<\/a><\/div><\/li><li><div class=\"dwnPR\"><a href=https:\/\/somexing.com\/wp-content\/uploads\/2025\/05\/CP-SOMEXING-Larsen_X_Chuan_Jia-FR.pdf title=\"Download the press release\" target=\"_blank\">Larsen X Chuan Jia<\/a><\/div><div class=\"prjLink\"><a href=https:\/\/somexing.com\/fr\/realisations\/larsen-cognac-x-chuan-jia\/ title=\"Voir le projet: Collaboration artistique Larsen Cognac \u00d7 Chuan Jia\" target=\"_blank\">\n\t\t\t\t\t\t\t\t\t\t\t<span class=\"hideOnMobile prjLinkSpan\">Voir le projet<\/span> <img decoding=\"async\" src=\"https:\/\/somexing.com\/wp-content\/themes\/somexing\/icon\/iconEye.png\" alt=\"\" class=\"icon\" \/>\n\t\t\t\t\t\t\t\t\t\t<\/a><\/div><\/li><li><div class=\"dwnPR\"><a href=https:\/\/somexing.com\/wp-content\/uploads\/2025\/05\/CP-SOMEXING_Lancome_X_Jacky_Tsai_CNY-FR.pdf title=\"Download the press release\" target=\"_blank\">Lanc\u00f4me X Jacky Tsai<\/a><\/div><div class=\"prjLink\"><a href=https:\/\/somexing.com\/fr\/realisations\/lancome-x-jacky-tsai\/ title=\"Voir le projet: Collaboration artistique Lanc\u00f4me \u00d7 Jacky Tsai\" target=\"_blank\">\n\t\t\t\t\t\t\t\t\t\t\t<span class=\"hideOnMobile prjLinkSpan\">Voir le projet<\/span> <img decoding=\"async\" src=\"https:\/\/somexing.com\/wp-content\/themes\/somexing\/icon\/iconEye.png\" alt=\"\" class=\"icon\" \/>\n\t\t\t\t\t\t\t\t\t\t<\/a><\/div><\/li><\/ul>\t\t\t\t\t\t\t\t<\/div>\n\t\t\t\t\t<\/div>\n\t\t\t\t<\/div>\n\t\t\t\t<\/div>\n\t\t","protected":false},"excerpt":{"rendered":"","protected":false},"author":6,"featured_media":7790,"parent":0,"menu_order":5,"comment_status":"closed","ping_status":"closed","template":"elementor_header_footer","meta":{"_acf_changed":false,"footnotes":""},"class_list":["post-17646","page","type-page","status-publish","has-post-thumbnail","hentry"],"acf":[],"yoast_head":"<!-- This site is optimized with the Yoast SEO Premium plugin v27.3 (Yoast SEO v27.3) - https:\/\/yoast.com\/product\/yoast-seo-premium-wordpress\/ -->\n<title>Communiqu\u00e9s de presse et actualit\u00e9s | Agence d&#039;art et de design Somexing<\/title>\n<meta name=\"description\" content=\"D\u00e9couvrez les derniers communiqu\u00e9s de presse, actualit\u00e9s et annonces de Somexing concernant nos collaborations artistiques, nos partenariats de marque et nos projets cr\u00e9atifs.\" \/>\n<meta name=\"robots\" content=\"index, follow, max-snippet:-1, max-image-preview:large, max-video-preview:-1\" \/>\n<link rel=\"canonical\" href=\"https:\/\/somexing.com\/fr\/presse\/\" \/>\n<meta property=\"og:locale\" content=\"fr_FR\" \/>\n<meta property=\"og:type\" content=\"article\" \/>\n<meta property=\"og:title\" content=\"Communiqu\u00e9s de presse et actualit\u00e9s | Agence d&#039;art et de design Somexing\" \/>\n<meta property=\"og:description\" content=\"D\u00e9couvrez les derniers communiqu\u00e9s de presse, actualit\u00e9s et annonces de Somexing concernant nos collaborations artistiques, nos partenariats de marque et nos projets cr\u00e9atifs.\" \/>\n<meta property=\"og:url\" content=\"https:\/\/somexing.com\/fr\/presse\/\" \/>\n<meta property=\"og:site_name\" content=\"SOMEXING\" \/>\n<meta property=\"article:publisher\" content=\"https:\/\/www.facebook.com\/somexing\" \/>\n<meta property=\"article:modified_time\" content=\"2026-02-03T10:41:39+00:00\" \/>\n<meta property=\"og:image\" content=\"https:\/\/somexing.com\/wp-content\/uploads\/2022\/06\/cropped-SX-icon.jpg\" \/>\n\t<meta property=\"og:image:width\" content=\"512\" \/>\n\t<meta property=\"og:image:height\" content=\"512\" \/>\n\t<meta property=\"og:image:type\" content=\"image\/jpeg\" \/>\n<meta name=\"twitter:card\" content=\"summary_large_image\" \/>\n<meta name=\"twitter:title\" content=\"Communiqu\u00e9s de presse et actualit\u00e9s | Agence d&#039;art et de design Somexing\" \/>\n<meta name=\"twitter:description\" content=\"D\u00e9couvrez les derniers communiqu\u00e9s de presse, actualit\u00e9s et annonces de Somexing concernant nos collaborations artistiques, nos partenariats de marque et nos projets cr\u00e9atifs.\" \/>\n<script type=\"application\/ld+json\" class=\"yoast-schema-graph\">{\"@context\":\"https:\\\/\\\/schema.org\",\"@graph\":[{\"@type\":\"WebPage\",\"@id\":\"https:\\\/\\\/somexing.com\\\/fr\\\/presse\\\/\",\"url\":\"https:\\\/\\\/somexing.com\\\/fr\\\/presse\\\/\",\"name\":\"Communiqu\u00e9s de presse et actualit\u00e9s | Agence d'art et de design Somexing\",\"isPartOf\":{\"@id\":\"https:\\\/\\\/somexing.com\\\/fr\\\/#website\"},\"primaryImageOfPage\":{\"@id\":\"https:\\\/\\\/somexing.com\\\/fr\\\/presse\\\/#primaryimage\"},\"image\":{\"@id\":\"https:\\\/\\\/somexing.com\\\/fr\\\/presse\\\/#primaryimage\"},\"thumbnailUrl\":\"https:\\\/\\\/somexing.com\\\/wp-content\\\/uploads\\\/2022\\\/06\\\/cropped-SX-icon.jpg\",\"datePublished\":\"2025-05-20T14:57:14+00:00\",\"dateModified\":\"2026-02-03T10:41:39+00:00\",\"description\":\"D\u00e9couvrez les derniers communiqu\u00e9s de presse, actualit\u00e9s et annonces de Somexing concernant nos collaborations artistiques, nos partenariats de marque et nos projets cr\u00e9atifs.\",\"breadcrumb\":{\"@id\":\"https:\\\/\\\/somexing.com\\\/fr\\\/presse\\\/#breadcrumb\"},\"inLanguage\":\"fr-FR\",\"potentialAction\":[{\"@type\":\"ReadAction\",\"target\":[\"https:\\\/\\\/somexing.com\\\/fr\\\/presse\\\/\"]}]},{\"@type\":\"ImageObject\",\"inLanguage\":\"fr-FR\",\"@id\":\"https:\\\/\\\/somexing.com\\\/fr\\\/presse\\\/#primaryimage\",\"url\":\"https:\\\/\\\/somexing.com\\\/wp-content\\\/uploads\\\/2022\\\/06\\\/cropped-SX-icon.jpg\",\"contentUrl\":\"https:\\\/\\\/somexing.com\\\/wp-content\\\/uploads\\\/2022\\\/06\\\/cropped-SX-icon.jpg\",\"width\":512,\"height\":512},{\"@type\":\"BreadcrumbList\",\"@id\":\"https:\\\/\\\/somexing.com\\\/fr\\\/presse\\\/#breadcrumb\",\"itemListElement\":[{\"@type\":\"ListItem\",\"position\":1,\"name\":\"Accueil\",\"item\":\"https:\\\/\\\/somexing.com\\\/fr\\\/\"},{\"@type\":\"ListItem\",\"position\":2,\"name\":\"Communiqu\u00e9s de presse\"}]},{\"@type\":\"WebSite\",\"@id\":\"https:\\\/\\\/somexing.com\\\/fr\\\/#website\",\"url\":\"https:\\\/\\\/somexing.com\\\/fr\\\/\",\"name\":\"Somexing Artistic\",\"description\":\"Agence de Collaborations Artistiques\",\"publisher\":{\"@id\":\"https:\\\/\\\/somexing.com\\\/fr\\\/#organization\"},\"potentialAction\":[{\"@type\":\"SearchAction\",\"target\":{\"@type\":\"EntryPoint\",\"urlTemplate\":\"https:\\\/\\\/somexing.com\\\/fr\\\/?s={search_term_string}\"},\"query-input\":{\"@type\":\"PropertyValueSpecification\",\"valueRequired\":true,\"valueName\":\"search_term_string\"}}],\"inLanguage\":\"fr-FR\"},{\"@type\":\"Organization\",\"@id\":\"https:\\\/\\\/somexing.com\\\/fr\\\/#organization\",\"name\":\"Somexing Artistic\",\"url\":\"https:\\\/\\\/somexing.com\\\/fr\\\/\",\"logo\":{\"@type\":\"ImageObject\",\"inLanguage\":\"fr-FR\",\"@id\":\"https:\\\/\\\/somexing.com\\\/fr\\\/#\\\/schema\\\/logo\\\/image\\\/\",\"url\":\"https:\\\/\\\/somexing.com\\\/wp-content\\\/uploads\\\/2025\\\/10\\\/logo-somexing-artistic.jpg\",\"contentUrl\":\"https:\\\/\\\/somexing.com\\\/wp-content\\\/uploads\\\/2025\\\/10\\\/logo-somexing-artistic.jpg\",\"width\":452,\"height\":452,\"caption\":\"Somexing Artistic\"},\"image\":{\"@id\":\"https:\\\/\\\/somexing.com\\\/fr\\\/#\\\/schema\\\/logo\\\/image\\\/\"},\"sameAs\":[\"https:\\\/\\\/www.facebook.com\\\/somexing\",\"https:\\\/\\\/www.instagram.com\\\/somexing_\\\/\",\"https:\\\/\\\/www.linkedin.com\\\/in\\\/isabelle-gavalda--04895510\\\/\",\"https:\\\/\\\/www.xiaohongshu.com\\\/user\\\/profile\\\/62555003000000000d0335c5\"],\"description\":\"Creative Agency expert in artist collaboration development for brands\",\"email\":\"contact@somexing.com\",\"legalName\":\"SOMEXING\",\"foundingDate\":\"2018-11-01\",\"vatID\":\"FR73844091272\",\"numberOfEmployees\":{\"@type\":\"QuantitativeValue\",\"minValue\":\"1\",\"maxValue\":\"10\"},\"publishingPrinciples\":\"https:\\\/\\\/somexing.com\\\/fr\\\/mentions-legales\\\/\"}]}<\/script>\n<!-- \/ Yoast SEO Premium plugin. -->","yoast_head_json":{"title":"Communiqu\u00e9s de presse et actualit\u00e9s | Agence d'art et de design Somexing","description":"D\u00e9couvrez les derniers communiqu\u00e9s de presse, actualit\u00e9s et annonces de Somexing concernant nos collaborations artistiques, nos partenariats de marque et nos projets cr\u00e9atifs.","robots":{"index":"index","follow":"follow","max-snippet":"max-snippet:-1","max-image-preview":"max-image-preview:large","max-video-preview":"max-video-preview:-1"},"canonical":"https:\/\/somexing.com\/fr\/presse\/","og_locale":"fr_FR","og_type":"article","og_title":"Communiqu\u00e9s de presse et actualit\u00e9s | Agence d'art et de design Somexing","og_description":"D\u00e9couvrez les derniers communiqu\u00e9s de presse, actualit\u00e9s et annonces de Somexing concernant nos collaborations artistiques, nos partenariats de marque et nos projets cr\u00e9atifs.","og_url":"https:\/\/somexing.com\/fr\/presse\/","og_site_name":"SOMEXING","article_publisher":"https:\/\/www.facebook.com\/somexing","article_modified_time":"2026-02-03T10:41:39+00:00","og_image":[{"width":512,"height":512,"url":"https:\/\/somexing.com\/wp-content\/uploads\/2022\/06\/cropped-SX-icon.jpg","type":"image\/jpeg"}],"twitter_card":"summary_large_image","twitter_title":"Communiqu\u00e9s de presse et actualit\u00e9s | Agence d'art et de design Somexing","twitter_description":"D\u00e9couvrez les derniers communiqu\u00e9s de presse, actualit\u00e9s et annonces de Somexing concernant nos collaborations artistiques, nos partenariats de marque et nos projets cr\u00e9atifs.","schema":{"@context":"https:\/\/schema.org","@graph":[{"@type":"WebPage","@id":"https:\/\/somexing.com\/fr\/presse\/","url":"https:\/\/somexing.com\/fr\/presse\/","name":"Communiqu\u00e9s de presse et actualit\u00e9s | Agence d'art et de design Somexing","isPartOf":{"@id":"https:\/\/somexing.com\/fr\/#website"},"primaryImageOfPage":{"@id":"https:\/\/somexing.com\/fr\/presse\/#primaryimage"},"image":{"@id":"https:\/\/somexing.com\/fr\/presse\/#primaryimage"},"thumbnailUrl":"https:\/\/somexing.com\/wp-content\/uploads\/2022\/06\/cropped-SX-icon.jpg","datePublished":"2025-05-20T14:57:14+00:00","dateModified":"2026-02-03T10:41:39+00:00","description":"D\u00e9couvrez les derniers communiqu\u00e9s de presse, actualit\u00e9s et annonces de Somexing concernant nos collaborations artistiques, nos partenariats de marque et nos projets cr\u00e9atifs.","breadcrumb":{"@id":"https:\/\/somexing.com\/fr\/presse\/#breadcrumb"},"inLanguage":"fr-FR","potentialAction":[{"@type":"ReadAction","target":["https:\/\/somexing.com\/fr\/presse\/"]}]},{"@type":"ImageObject","inLanguage":"fr-FR","@id":"https:\/\/somexing.com\/fr\/presse\/#primaryimage","url":"https:\/\/somexing.com\/wp-content\/uploads\/2022\/06\/cropped-SX-icon.jpg","contentUrl":"https:\/\/somexing.com\/wp-content\/uploads\/2022\/06\/cropped-SX-icon.jpg","width":512,"height":512},{"@type":"BreadcrumbList","@id":"https:\/\/somexing.com\/fr\/presse\/#breadcrumb","itemListElement":[{"@type":"ListItem","position":1,"name":"Accueil","item":"https:\/\/somexing.com\/fr\/"},{"@type":"ListItem","position":2,"name":"Communiqu\u00e9s de presse"}]},{"@type":"WebSite","@id":"https:\/\/somexing.com\/fr\/#website","url":"https:\/\/somexing.com\/fr\/","name":"Somexing Artistic","description":"Agence de Collaborations Artistiques","publisher":{"@id":"https:\/\/somexing.com\/fr\/#organization"},"potentialAction":[{"@type":"SearchAction","target":{"@type":"EntryPoint","urlTemplate":"https:\/\/somexing.com\/fr\/?s={search_term_string}"},"query-input":{"@type":"PropertyValueSpecification","valueRequired":true,"valueName":"search_term_string"}}],"inLanguage":"fr-FR"},{"@type":"Organization","@id":"https:\/\/somexing.com\/fr\/#organization","name":"Somexing Artistic","url":"https:\/\/somexing.com\/fr\/","logo":{"@type":"ImageObject","inLanguage":"fr-FR","@id":"https:\/\/somexing.com\/fr\/#\/schema\/logo\/image\/","url":"https:\/\/somexing.com\/wp-content\/uploads\/2025\/10\/logo-somexing-artistic.jpg","contentUrl":"https:\/\/somexing.com\/wp-content\/uploads\/2025\/10\/logo-somexing-artistic.jpg","width":452,"height":452,"caption":"Somexing Artistic"},"image":{"@id":"https:\/\/somexing.com\/fr\/#\/schema\/logo\/image\/"},"sameAs":["https:\/\/www.facebook.com\/somexing","https:\/\/www.instagram.com\/somexing_\/","https:\/\/www.linkedin.com\/in\/isabelle-gavalda--04895510\/","https:\/\/www.xiaohongshu.com\/user\/profile\/62555003000000000d0335c5"],"description":"Creative Agency expert in artist collaboration development for brands","email":"contact@somexing.com","legalName":"SOMEXING","foundingDate":"2018-11-01","vatID":"FR73844091272","numberOfEmployees":{"@type":"QuantitativeValue","minValue":"1","maxValue":"10"},"publishingPrinciples":"https:\/\/somexing.com\/fr\/mentions-legales\/"}]}},"_links":{"self":[{"href":"https:\/\/somexing.com\/fr\/wp-json\/wp\/v2\/pages\/17646","targetHints":{"allow":["GET"]}}],"collection":[{"href":"https:\/\/somexing.com\/fr\/wp-json\/wp\/v2\/pages"}],"about":[{"href":"https:\/\/somexing.com\/fr\/wp-json\/wp\/v2\/types\/page"}],"author":[{"embeddable":true,"href":"https:\/\/somexing.com\/fr\/wp-json\/wp\/v2\/users\/6"}],"replies":[{"embeddable":true,"href":"https:\/\/somexing.com\/fr\/wp-json\/wp\/v2\/comments?post=17646"}],"version-history":[{"count":0,"href":"https:\/\/somexing.com\/fr\/wp-json\/wp\/v2\/pages\/17646\/revisions"}],"wp:featuredmedia":[{"embeddable":true,"href":"https:\/\/somexing.com\/fr\/wp-json\/wp\/v2\/media\/7790"}],"wp:attachment":[{"href":"https:\/\/somexing.com\/fr\/wp-json\/wp\/v2\/media?parent=17646"}],"curies":[{"name":"wp","href":"https:\/\/api.w.org\/{rel}","templated":true}]}}